{"id":8,"date":"2021-08-17T12:13:56","date_gmt":"2021-08-17T12:13:56","guid":{"rendered":"https:\/\/koupelnykocanda.cz\/?page_id=8"},"modified":"2025-07-16T07:29:41","modified_gmt":"2025-07-16T07:29:41","slug":"koupelny-kocanda-tabor-taborsko","status":"publish","type":"page","link":"https:\/\/koupelnykocanda.cz\/","title":{"rendered":"Rekonstrukce bytov\u00fdch jader a koupelen"},"content":{"rendered":"\n<p class=\"has-black-color has-text-color\"><strong>Na\u0161e firma se zam\u011b\u0159uje na rekonstrukce bytov\u00fdch jader a koupelen.<\/strong><\/p>\n\n\n\n<p><strong>P\u0159ed rekonstrukc\u00ed koupelny si u n\u00e1s m\u016f\u017eete v koupelnov\u00e9m studiu vybrat obklady, dla\u017ebu, sprchov\u00e9 kouty, vodovodn\u00ed baterie, sanitu atp.<\/strong><\/p>\n\n\n\n<p><strong>P\u0159i v\u00fdb\u011bru a objedn\u00e1vce V\u00e1m bude na\u0161\u00ed firmou ZDARMA vytvo\u0159en grafick\u00fd n\u00e1vrh.<\/strong><\/p>\n","protected":false},"excerpt":{"rendered":"<p>Na\u0161e firma se zam\u011b\u0159uje na rekonstrukce bytov\u00fdch jader a koupelen. P\u0159ed rekonstrukc\u00ed koupelny si u n\u00e1s m\u016f\u017eete v koupelnov\u00e9m studiu vybrat obklady, dla\u017ebu, sprchov\u00e9 kouty, vodovodn\u00ed baterie, sanitu atp. P\u0159i <a class=\"more-link\" href=\"https:\/\/koupelnykocanda.cz\/\">Continue Reading &rarr;<\/a><\/p>\n","protected":false},"author":2,"featured_media":0,"parent":0,"menu_order":0,"comment_status":"closed","ping_status":"closed","template":"","meta":[],"_links":{"self":[{"href":"https:\/\/koupelnykocanda.cz\/index.php?rest_route=\/wp\/v2\/pages\/8"}],"collection":[{"href":"https:\/\/koupelnykocanda.cz\/index.php?rest_route=\/wp\/v2\/pages"}],"about":[{"href":"https:\/\/koupelnykocanda.cz\/index.php?rest_route=\/wp\/v2\/types\/page"}],"author":[{"embeddable":true,"href":"https:\/\/koupelnykocanda.cz\/index.php?rest_route=\/wp\/v2\/users\/2"}],"replies":[{"embeddable":true,"href":"https:\/\/koupelnykocanda.cz\/index.php?rest_route=%2Fwp%2Fv2%2Fcomments&post=8"}],"version-history":[{"count":23,"href":"https:\/\/koupelnykocanda.cz\/index.php?rest_route=\/wp\/v2\/pages\/8\/revisions"}],"predecessor-version":[{"id":288,"href":"https:\/\/koupelnykocanda.cz\/index.php?rest_route=\/wp\/v2\/pages\/8\/revisions\/288"}],"wp:attachment":[{"href":"https:\/\/koupelnykocanda.cz\/index.php?rest_route=%2Fwp%2Fv2%2Fmedia&parent=8"}],"curies":[{"name":"wp","href":"https:\/\/api.w.org\/{rel}","templated":true}]}}