{"id":32,"date":"2021-08-17T12:20:39","date_gmt":"2021-08-17T12:20:39","guid":{"rendered":"https:\/\/koupelnykocanda.cz\/?page_id=32"},"modified":"2025-06-23T09:04:23","modified_gmt":"2025-06-23T09:04:23","slug":"kontakty","status":"publish","type":"page","link":"https:\/\/koupelnykocanda.cz\/?page_id=32","title":{"rendered":"Kontakty"},"content":{"rendered":"\n<p><strong>Telefon<\/strong>: <strong>381 521 228 \/ 602 469 908<\/strong><\/p>\n\n\n\n<p><strong>Email:<\/strong> <a rel=\"noreferrer noopener\" href=\"mailto:koupelny.kocanda@seznam.cz\" target=\"_blank\"><strong>koupelny.kocanda@seznam.cz<\/strong><\/a><\/p>\n\n\n\n<p><strong> Adresa provozovny:<\/strong> Petra Bezru\u010de 507 II, Sob\u011bslav <\/p>\n\n\n\n<p><strong>Otev\u00edracv\u00ed doba:<\/strong><br>Pond\u011bl\u00ed: 9:00 \u2013 11:30, 13:00\u201315:30<br>\u00dater\u00fd: 9:00 \u2013 11:30, 13:00\u201315:30<br>St\u0159eda: 9:00 \u201311:30, 13:00\u201315:30<br>\u010ctvrtek: 9:00 \u201311:30, 13:00\u201315:30<br>P\u00e1tek: 9:00 \u2013 11:30, 13:00\u201315:30<br>Sobota: Zav\u0159eno<br>Ned\u011ble: Zav\u0159eno<\/p>\n\n\n\n<iframe src=\"https:\/\/www.google.com\/maps\/embed?pb=!1m18!1m12!1m3!1d2604.0066863814404!2d14.719441815570132!3d49.25731917932854!2m3!1f0!2f0!3f0!3m2!1i1024!2i768!4f13.1!3m3!1m2!1s0x470cb9f5bd628e5b%3A0xdfac9bb0bc7d0dbd!2sP.%20Bezru%C4%8De%20507%2C%20392%2001%20Sob%C4%9Bslav%20II!5e0!3m2!1scs!2scz!4v1629451989951!5m2!1scs!2scz\" width=\"600\" height=\"300\" style=\"border:0;\" allowfullscreen=\"\" loading=\"lazy\"><\/iframe>\n\n\n\n<p><\/p>\n","protected":false},"excerpt":{"rendered":"<p>Telefon: 381 521 228 \/ 602 469 908 Email: koupelny.kocanda@seznam.cz Adresa provozovny: Petra Bezru\u010de 507 II, Sob\u011bslav Otev\u00edracv\u00ed doba:Pond\u011bl\u00ed: 9:00 \u2013 11:30, 13:00\u201315:30\u00dater\u00fd: 9:00 \u2013 11:30, 13:00\u201315:30St\u0159eda: 9:00 \u201311:30, 13:00\u201315:30\u010ctvrtek: <a class=\"more-link\" href=\"https:\/\/koupelnykocanda.cz\/?page_id=32\">Continue Reading &rarr;<\/a><\/p>\n","protected":false},"author":2,"featured_media":0,"parent":0,"menu_order":0,"comment_status":"closed","ping_status":"closed","template":"","meta":[],"_links":{"self":[{"href":"https:\/\/koupelnykocanda.cz\/index.php?rest_route=\/wp\/v2\/pages\/32"}],"collection":[{"href":"https:\/\/koupelnykocanda.cz\/index.php?rest_route=\/wp\/v2\/pages"}],"about":[{"href":"https:\/\/koupelnykocanda.cz\/index.php?rest_route=\/wp\/v2\/types\/page"}],"author":[{"embeddable":true,"href":"https:\/\/koupelnykocanda.cz\/index.php?rest_route=\/wp\/v2\/users\/2"}],"replies":[{"embeddable":true,"href":"https:\/\/koupelnykocanda.cz\/index.php?rest_route=%2Fwp%2Fv2%2Fcomments&post=32"}],"version-history":[{"count":11,"href":"https:\/\/koupelnykocanda.cz\/index.php?rest_route=\/wp\/v2\/pages\/32\/revisions"}],"predecessor-version":[{"id":282,"href":"https:\/\/koupelnykocanda.cz\/index.php?rest_route=\/wp\/v2\/pages\/32\/revisions\/282"}],"wp:attachment":[{"href":"https:\/\/koupelnykocanda.cz\/index.php?rest_route=%2Fwp%2Fv2%2Fmedia&parent=32"}],"curies":[{"name":"wp","href":"https:\/\/api.w.org\/{rel}","templated":true}]}}